{"id":69,"date":"2020-01-27T08:05:29","date_gmt":"2020-01-27T08:05:29","guid":{"rendered":"https:\/\/demosites.io\/web-agency-gb\/?page_id=69"},"modified":"2023-03-12T04:43:30","modified_gmt":"2023-03-12T04:43:30","slug":"15c42-web-agency-gb-portfolio","status":"publish","type":"page","link":"https:\/\/www.solentia.at\/?page_id=69","title":{"rendered":"Portfolio"},"content":{"rendered":"\n<div class=\"wp-block-cover alignfull\" style=\"min-height:300px;aspect-ratio:unset;\"><span aria-hidden=\"true\" class=\"wp-block-cover__background has-nv-site-bg-background-color has-background-dim-100 has-background-dim\"><\/span><div class=\"wp-block-cover__inner-container is-layout-flow wp-block-cover-is-layout-flow\">\n<div class=\"wp-block-group\"><div class=\"wp-block-group__inner-container is-layout-flow wp-block-group-is-layout-flow\">\n<h1 class=\"has-text-align-left has-neve-text-color-color has-text-color wp-block-heading\">Portfolio<\/h1>\n<\/div><\/div>\n<\/div><\/div>\n\n\n\n<div class=\"wp-block-cover alignfull\" style=\"min-height:600px;aspect-ratio:unset;\"><span aria-hidden=\"true\" class=\"wp-block-cover__background has-nv-light-bg-background-color has-background-dim-100 has-background-dim\"><\/span><div class=\"wp-block-cover__inner-container is-layout-flow wp-block-cover-is-layout-flow\">\n<div class=\"wp-block-group\"><div class=\"wp-block-group__inner-container is-layout-flow wp-block-group-is-layout-flow\">\n<div style=\"height:40px\" aria-hidden=\"true\" class=\"wp-block-spacer\"><\/div>\n\n\n\n<div class=\"wp-block-columns are-vertically-aligned-top is-layout-flex wp-container-core-columns-is-layout-9d6595d7 wp-block-columns-is-layout-flex\">\n<div class=\"wp-block-column is-vertically-aligned-top is-layout-flow wp-block-column-is-layout-flow\" style=\"flex-basis:50%\">\n<figure class=\"wp-block-image size-large\"><img loading=\"lazy\" decoding=\"async\" width=\"1024\" height=\"682\" src=\"\/wp-content\/uploads\/2023\/03\/computer-gf31530d59_1280-1024x682.jpg\" alt=\"\" class=\"wp-image-449\" srcset=\"https:\/\/www.solentia.at\/wp-content\/uploads\/2023\/03\/computer-gf31530d59_1280-1024x682.jpg 1024w, https:\/\/www.solentia.at\/wp-content\/uploads\/2023\/03\/computer-gf31530d59_1280-300x200.jpg 300w, https:\/\/www.solentia.at\/wp-content\/uploads\/2023\/03\/computer-gf31530d59_1280-768x512.jpg 768w, https:\/\/www.solentia.at\/wp-content\/uploads\/2023\/03\/computer-gf31530d59_1280-930x620.jpg 930w, https:\/\/www.solentia.at\/wp-content\/uploads\/2023\/03\/computer-gf31530d59_1280.jpg 1280w\" sizes=\"auto, (max-width: 1024px) 100vw, 1024px\" \/><\/figure>\n\n\n\n<div style=\"height:20px\" aria-hidden=\"true\" class=\"wp-block-spacer\"><\/div>\n\n\n\n<h3 class=\"has-text-align-center has-neve-text-color-color has-text-color wp-block-heading\">Digitaler Disponent<\/h3>\n\n\n\n<p class=\"has-text-align-center has-neve-text-color-color has-text-color\">In der digitalen Produktionssteuerung m\u00fcssen viele Daten zusammenflie\u00dfen und visuell aufbereitet werden. Mit einem Klick soll die Planung durch den Computer aktualisiert werden. \u00dcber interaktive Oberfl\u00e4chen soll der Disponent \u00c4nderungen und Anpassungen vornehmen k\u00f6nnen.<\/p>\n<\/div>\n\n\n\n<div class=\"wp-block-column is-vertically-aligned-top is-layout-flow wp-block-column-is-layout-flow\" style=\"flex-basis:50%\">\n<figure class=\"wp-block-image size-large\"><img loading=\"lazy\" decoding=\"async\" width=\"1024\" height=\"691\" src=\"\/wp-content\/uploads\/2023\/03\/macbook-gc8fba9676_1280-1024x691.jpg\" alt=\"\" class=\"wp-image-452\" srcset=\"https:\/\/www.solentia.at\/wp-content\/uploads\/2023\/03\/macbook-gc8fba9676_1280-1024x691.jpg 1024w, https:\/\/www.solentia.at\/wp-content\/uploads\/2023\/03\/macbook-gc8fba9676_1280-300x203.jpg 300w, https:\/\/www.solentia.at\/wp-content\/uploads\/2023\/03\/macbook-gc8fba9676_1280-768x518.jpg 768w, https:\/\/www.solentia.at\/wp-content\/uploads\/2023\/03\/macbook-gc8fba9676_1280.jpg 1280w\" sizes=\"auto, (max-width: 1024px) 100vw, 1024px\" \/><\/figure>\n\n\n\n<div style=\"height:20px\" aria-hidden=\"true\" class=\"wp-block-spacer\"><\/div>\n\n\n\n<h3 class=\"has-text-align-center has-neve-text-color-color has-text-color wp-block-heading\">Optimierte Produktions- und Logistikplanung<\/h3>\n\n\n\n<p class=\"has-text-align-center has-neve-text-color-color has-text-color\">Eine gro\u00dfe Herausforderung vieler Unternehmen ist die l\u00e4ngerfristige Produktions- und Logistikplanung. Neben der Planung der Produktionsmengen, sollen Kapazit\u00e4ten bestimmt oder angepasst werden, aus alternativen Fertigungspfaden und St\u00fccklisten gew\u00e4hlt werden und das eine oder andere Unternehmensspezifische Detail ber\u00fccksichtigt werden.<\/p>\n<\/div>\n<\/div>\n<\/div><\/div>\n<\/div><\/div>\n\n\n\n<div class=\"wp-block-cover alignfull\" style=\"min-height:600px;aspect-ratio:unset;\"><span aria-hidden=\"true\" class=\"wp-block-cover__background has-nv-site-bg-background-color has-background-dim-100 has-background-dim\"><\/span><div class=\"wp-block-cover__inner-container is-layout-flow wp-block-cover-is-layout-flow\">\n<div style=\"height:40px\" aria-hidden=\"true\" class=\"wp-block-spacer\"><\/div>\n\n\n\n<div class=\"wp-block-group\"><div class=\"wp-block-group__inner-container is-layout-flow wp-block-group-is-layout-flow\">\n<div class=\"wp-block-columns are-vertically-aligned-top is-layout-flex wp-container-core-columns-is-layout-9d6595d7 wp-block-columns-is-layout-flex\">\n<div class=\"wp-block-column is-vertically-aligned-top is-layout-flow wp-block-column-is-layout-flow\" style=\"flex-basis:50%\">\n<figure class=\"wp-block-image size-large\"><img loading=\"lazy\" decoding=\"async\" width=\"1024\" height=\"682\" src=\"\/wp-content\/uploads\/2023\/03\/analysis-g58be42298_1280-1024x682.jpg\" alt=\"\" class=\"wp-image-453\" srcset=\"https:\/\/www.solentia.at\/wp-content\/uploads\/2023\/03\/analysis-g58be42298_1280-1024x682.jpg 1024w, https:\/\/www.solentia.at\/wp-content\/uploads\/2023\/03\/analysis-g58be42298_1280-300x200.jpg 300w, https:\/\/www.solentia.at\/wp-content\/uploads\/2023\/03\/analysis-g58be42298_1280-768x512.jpg 768w, https:\/\/www.solentia.at\/wp-content\/uploads\/2023\/03\/analysis-g58be42298_1280-930x620.jpg 930w, https:\/\/www.solentia.at\/wp-content\/uploads\/2023\/03\/analysis-g58be42298_1280.jpg 1280w\" sizes=\"auto, (max-width: 1024px) 100vw, 1024px\" \/><\/figure>\n\n\n\n<div style=\"height:20px\" aria-hidden=\"true\" class=\"wp-block-spacer\"><\/div>\n\n\n\n<h3 class=\"has-text-align-center has-neve-text-color-color has-text-color wp-block-heading\">Reporting L\u00f6sungen<\/h3>\n\n\n\n<p class=\"has-text-align-center has-neve-text-color-color has-text-color\">Das periodische Berichtswesen st\u00fctzt sich auf Auswertungen gro\u00dfer Datenmengen oder komplexer Zusammenh\u00e4nge. T\u00e4gliche oder monatliche Berichte mit verschiedensten KPIs, oder die Aufschl\u00fcsselung verschiedener Kostenbereiche helfen bei der effizienten Prozessf\u00fchrung.<\/p>\n<\/div>\n\n\n\n<div class=\"wp-block-column is-vertically-aligned-top is-layout-flow wp-block-column-is-layout-flow\" style=\"flex-basis:50%\">\n<figure class=\"wp-block-image size-large\"><img loading=\"lazy\" decoding=\"async\" width=\"1024\" height=\"682\" src=\"\/wp-content\/uploads\/2023\/03\/whiteboard-ga9f8b9590_1280-1024x682.jpg\" alt=\"\" class=\"wp-image-451\" srcset=\"https:\/\/www.solentia.at\/wp-content\/uploads\/2023\/03\/whiteboard-ga9f8b9590_1280-1024x682.jpg 1024w, https:\/\/www.solentia.at\/wp-content\/uploads\/2023\/03\/whiteboard-ga9f8b9590_1280-300x200.jpg 300w, https:\/\/www.solentia.at\/wp-content\/uploads\/2023\/03\/whiteboard-ga9f8b9590_1280-768x512.jpg 768w, https:\/\/www.solentia.at\/wp-content\/uploads\/2023\/03\/whiteboard-ga9f8b9590_1280-930x620.jpg 930w, https:\/\/www.solentia.at\/wp-content\/uploads\/2023\/03\/whiteboard-ga9f8b9590_1280.jpg 1280w\" sizes=\"auto, (max-width: 1024px) 100vw, 1024px\" \/><\/figure>\n\n\n\n<div style=\"height:20px\" aria-hidden=\"true\" class=\"wp-block-spacer\"><\/div>\n\n\n\n<h3 class=\"has-text-align-center has-neve-text-color-color has-text-color wp-block-heading\">Spezialsoftware<\/h3>\n\n\n\n<p class=\"has-text-align-center has-neve-text-color-color has-text-color\">Der Einsatz von Standardsoftware bietet nicht nur Vorteile. Die Ber\u00fccksichtigung langfristig etablierter Prozesse und eingespielter Planungsabl\u00e4ufe erfordert oftmals die Entwicklung ma\u00dfgeschneiderter Softwaresysteme. So behalten Sie Ihr Alleinstellungsmerkmal.<\/p>\n<\/div>\n<\/div>\n<\/div><\/div>\n<\/div><\/div>\n","protected":false},"excerpt":{"rendered":"","protected":false},"author":1,"featured_media":0,"parent":0,"menu_order":0,"comment_status":"closed","ping_status":"closed","template":"","meta":{"neve_meta_sidebar":"full-width","neve_meta_container":"","neve_meta_enable_content_width":"on","neve_meta_content_width":100,"neve_meta_title_alignment":"","neve_meta_author_avatar":"","neve_post_elements_order":"","neve_meta_disable_header":"","neve_meta_disable_footer":"","neve_meta_disable_title":"on","footnotes":""},"class_list":["post-69","page","type-page","status-publish","hentry"],"_links":{"self":[{"href":"https:\/\/www.solentia.at\/index.php?rest_route=\/wp\/v2\/pages\/69","targetHints":{"allow":["GET"]}}],"collection":[{"href":"https:\/\/www.solentia.at\/index.php?rest_route=\/wp\/v2\/pages"}],"about":[{"href":"https:\/\/www.solentia.at\/index.php?rest_route=\/wp\/v2\/types\/page"}],"author":[{"embeddable":true,"href":"https:\/\/www.solentia.at\/index.php?rest_route=\/wp\/v2\/users\/1"}],"replies":[{"embeddable":true,"href":"https:\/\/www.solentia.at\/index.php?rest_route=%2Fwp%2Fv2%2Fcomments&post=69"}],"version-history":[{"count":10,"href":"https:\/\/www.solentia.at\/index.php?rest_route=\/wp\/v2\/pages\/69\/revisions"}],"predecessor-version":[{"id":464,"href":"https:\/\/www.solentia.at\/index.php?rest_route=\/wp\/v2\/pages\/69\/revisions\/464"}],"wp:attachment":[{"href":"https:\/\/www.solentia.at\/index.php?rest_route=%2Fwp%2Fv2%2Fmedia&parent=69"}],"curies":[{"name":"wp","href":"https:\/\/api.w.org\/{rel}","templated":true}]}}