{"id":308,"date":"2020-01-13T11:17:52","date_gmt":"2020-01-13T11:17:52","guid":{"rendered":"https:\/\/demosites.io\/web-agency-gb\/?page_id=5"},"modified":"2023-05-02T06:18:16","modified_gmt":"2023-05-02T06:18:16","slug":"15c42-web-agency-gb-home","status":"publish","type":"page","link":"https:\/\/www.solentia.at\/","title":{"rendered":"Solentia"},"content":{"rendered":"\n<div class=\"wp-block-cover alignfull is-light\" style=\"min-height:700px;aspect-ratio:unset;\"><span aria-hidden=\"true\" class=\"wp-block-cover__background has-nv-site-bg-background-color has-background-dim-0 has-background-dim\"><\/span><img loading=\"lazy\" decoding=\"async\" width=\"1280\" height=\"740\" class=\"wp-block-cover__image-background wp-image-528\" alt=\"\" src=\"\/wp-content\/uploads\/2023\/04\/DSC_9348-6.jpg\" data-object-fit=\"cover\" srcset=\"https:\/\/www.solentia.at\/wp-content\/uploads\/2023\/04\/DSC_9348-6.jpg 1280w, https:\/\/www.solentia.at\/wp-content\/uploads\/2023\/04\/DSC_9348-6-300x173.jpg 300w, https:\/\/www.solentia.at\/wp-content\/uploads\/2023\/04\/DSC_9348-6-1024x592.jpg 1024w, https:\/\/www.solentia.at\/wp-content\/uploads\/2023\/04\/DSC_9348-6-768x444.jpg 768w\" sizes=\"auto, (max-width: 1280px) 100vw, 1280px\" \/><div class=\"wp-block-cover__inner-container is-layout-flow wp-block-cover-is-layout-flow\">\n<div style=\"height:60px\" aria-hidden=\"true\" class=\"wp-block-spacer\"><\/div>\n\n\n\n<h1 class=\"wp-block-heading has-text-align-center has-text-color\" style=\"color:#121212\">Planen, wie Sie wollen<\/h1>\n\n\n\n<p class=\"has-text-align-center has-text-color\" style=\"color:#121212;font-size:17px\">Wir entwickeln Informationssysteme die auf Ihre Anforderungen zugeschnitten sind. Unsere Systeme informieren, planen, optimieren, berichten, und analysieren, was und wie Sie wollen! Unsere Technologie in den Bereichen Produktionssteuerung, Computational Intelligence und Business Analytics ist neuester Stand der Technik. Wie kann Solentia Ihr Unternehmen in der digitalen Transformation unterst\u00fctzen?<\/p>\n\n\n\n<div class=\"wp-block-buttons is-horizontal is-content-justification-center is-layout-flex wp-container-core-buttons-is-layout-499968f5 wp-block-buttons-is-layout-flex\">\n<div class=\"wp-block-button is-style-primary\"><a class=\"wp-block-button__link wp-element-button\" href=\"\/?page_id=69\">MEHR ERFAHREN<\/a><\/div>\n\n\n\n<div class=\"wp-block-button is-style-secondary\"><a class=\"wp-block-button__link wp-element-button\" href=\"\/?page_id=75\">KONTAKT<\/a><\/div>\n<\/div>\n\n\n\n<div style=\"height:60px\" aria-hidden=\"true\" class=\"wp-block-spacer\"><\/div>\n\n\n\n<div style=\"height:60px\" aria-hidden=\"true\" class=\"wp-block-spacer\"><\/div>\n<\/div><\/div>\n\n\n\n<div style=\"height:60px\" aria-hidden=\"true\" class=\"wp-block-spacer\"><\/div>\n\n\n\n<div class=\"wp-block-columns is-layout-flex wp-container-core-columns-is-layout-9d6595d7 wp-block-columns-is-layout-flex\">\n<div class=\"wp-block-column is-layout-flow wp-block-column-is-layout-flow\"><div class=\"wp-block-image icon-style is-style-rounded\">\n<figure class=\"aligncenter size-large\"><img decoding=\"async\" src=\"\/wp-content\/uploads\/2020\/01\/neve-webdesign-GB-03.png\" alt=\"\" title=\"\"\/><\/figure>\n<\/div>\n\n\n<div style=\"height:20px\" aria-hidden=\"true\" class=\"wp-block-spacer\"><\/div>\n\n\n\n<h3 class=\"wp-block-heading has-text-align-center has-neve-text-color-color has-text-color\">Effizient und Flexibel in der Projektabwicklung<\/h3>\n\n\n\n<p class=\"has-text-align-center\">Wir verfolgen einen agilen Entwicklungsansatz. Das hei\u00dft Sie sind als Kunde fr\u00fch in den Entwicklungsprozess eingebunden und k\u00f6nnen durch Ihr Feedback das Ergebnis beeinflu\u00dfen.<\/p>\n<\/div>\n\n\n\n<div class=\"wp-block-column is-layout-flow wp-block-column-is-layout-flow\"><div class=\"wp-block-image icon-style is-style-rounded\">\n<figure class=\"aligncenter size-large\"><img decoding=\"async\" src=\"\/wp-content\/uploads\/2020\/01\/neve-webdesign-GB-04.png\" alt=\"\"\/><\/figure>\n<\/div>\n\n\n<div style=\"height:20px\" aria-hidden=\"true\" class=\"wp-block-spacer\"><\/div>\n\n\n\n<h3 class=\"wp-block-heading has-text-align-center has-neve-text-color-color has-text-color\">Einschulung und Inbetriebnahme<\/h3>\n\n\n\n<p class=\"has-text-align-center\">Wir bilden Ihre Mitarbeiter zu Experten der neuen Softwarel\u00f6sung aus. Mit dem &#8222;Key User&#8220; Konzept haben wir bisher gute Erfahrungen bei der Inbetriebnahme gemacht.<\/p>\n<\/div>\n\n\n\n<div class=\"wp-block-column is-layout-flow wp-block-column-is-layout-flow\"><div class=\"wp-block-image icon-style is-style-rounded\">\n<figure class=\"aligncenter size-large\"><img decoding=\"async\" src=\"\/wp-content\/uploads\/2020\/01\/neve-webdesign-GB-01.png\" alt=\"\"\/><\/figure>\n<\/div>\n\n\n<div style=\"height:20px\" aria-hidden=\"true\" class=\"wp-block-spacer\"><\/div>\n\n\n\n<h3 class=\"wp-block-heading has-text-align-center has-neve-text-color-color has-text-color\">Langfristige Kooperation, Wartung und Support<\/h3>\n\n\n\n<p class=\"has-text-align-center\">Neue Softwarel\u00f6sungen bedingen eine l\u00e4ngerfristige Partnerschaft. Wir unterst\u00fctzen Ihr Unternehmen in der Weiterentwicklung und bei \u00c4nderungen und Anpassungen bestehender L\u00f6sungen.<\/p>\n<\/div>\n<\/div>\n\n\n\n<div style=\"height:41px\" aria-hidden=\"true\" class=\"wp-block-spacer\"><\/div>\n\n\n\n<div class=\"wp-block-cover alignfull\" style=\"min-height:600px;aspect-ratio:unset;\"><span aria-hidden=\"true\" class=\"wp-block-cover__background has-nv-light-bg-background-color has-background-dim-100 has-background-dim\"><\/span><div class=\"wp-block-cover__inner-container is-layout-flow wp-block-cover-is-layout-flow\">\n<div class=\"wp-block-group\"><div class=\"wp-block-group__inner-container is-layout-flow wp-block-group-is-layout-flow\">\n<div style=\"height:40px\" aria-hidden=\"true\" class=\"wp-block-spacer\"><\/div>\n\n\n\n<div class=\"wp-block-columns is-layout-flex wp-container-core-columns-is-layout-9d6595d7 wp-block-columns-is-layout-flex\">\n<div class=\"wp-block-column is-vertically-aligned-center is-layout-flow wp-block-column-is-layout-flow\" style=\"flex-basis:50%\">\n<figure class=\"wp-block-image size-full\"><img loading=\"lazy\" decoding=\"async\" width=\"600\" height=\"373\" src=\"\/wp-content\/uploads\/2022\/11\/massarbeit_v2-1.jpg\" alt=\"\" class=\"wp-image-362\" srcset=\"https:\/\/www.solentia.at\/wp-content\/uploads\/2022\/11\/massarbeit_v2-1.jpg 600w, https:\/\/www.solentia.at\/wp-content\/uploads\/2022\/11\/massarbeit_v2-1-300x187.jpg 300w\" sizes=\"auto, (max-width: 600px) 100vw, 600px\" \/><\/figure>\n<\/div>\n\n\n\n<div class=\"wp-block-column is-layout-flow wp-block-column-is-layout-flow\" style=\"flex-basis:50%\">\n<h2 class=\"wp-block-heading has-text-align-left has-neve-text-color-color has-text-color\">Management Information Systems \/ Business Intelligence<\/h2>\n\n\n\n<p class=\"has-text-align-left has-neve-text-color-color has-text-color\" style=\"font-size:17px\">Wir haben uns spezialisiert auf die Bereiche Produktion, Qualit\u00e4tssicherung, Logistik und Unternehmensf\u00fchrung. Zwanzig Jahre Erfahrung in der Konzeption, dem Projektmanagement, der erfolgreichen Einf\u00fchrung und der laufenden Betreuung von Managementinformationssystemen setzen wir f\u00fcr Sie gewinnbringend ein.<\/p>\n<\/div>\n<\/div>\n\n\n\n<div style=\"height:40px\" aria-hidden=\"true\" class=\"wp-block-spacer\"><\/div>\n<\/div><\/div>\n<\/div><\/div>\n\n\n\n<div class=\"wp-block-cover alignfull\" style=\"min-height:600px;aspect-ratio:unset;\"><span aria-hidden=\"true\" class=\"wp-block-cover__background has-nv-site-bg-background-color has-background-dim-100 has-background-dim\"><\/span><div class=\"wp-block-cover__inner-container is-layout-flow wp-block-cover-is-layout-flow\">\n<div class=\"wp-block-group\"><div class=\"wp-block-group__inner-container is-layout-flow wp-block-group-is-layout-flow\">\n<div class=\"wp-block-columns are-vertically-aligned-center is-layout-flex wp-container-core-columns-is-layout-9d6595d7 wp-block-columns-is-layout-flex\">\n<div class=\"wp-block-column is-vertically-aligned-center is-layout-flow wp-block-column-is-layout-flow\" style=\"flex-basis:50%\">\n<h2 class=\"wp-block-heading has-text-align-left has-neve-text-color-color has-text-color\">Optimierung und Simulation<\/h2>\n\n\n\n<p class=\"has-text-align-left has-neve-text-color-color has-text-color\" style=\"font-size:17px\">Unter Optimierung verstehen wir die Unterst\u00fctzung des Planungs- und Entscheidungsprozesses unter Zuhilfenahme mathematischer Methoden und Simulation.<\/p>\n\n\n\n<div style=\"height:40px\" aria-hidden=\"true\" class=\"wp-block-spacer\"><\/div>\n<\/div>\n\n\n\n<div class=\"wp-block-column is-vertically-aligned-center is-layout-flow wp-block-column-is-layout-flow\" style=\"flex-basis:50%\">\n<figure class=\"wp-block-image size-full\"><img loading=\"lazy\" decoding=\"async\" width=\"600\" height=\"373\" src=\"\/wp-content\/uploads\/2022\/11\/optimierung.jpg\" alt=\"\" class=\"wp-image-363\" srcset=\"https:\/\/www.solentia.at\/wp-content\/uploads\/2022\/11\/optimierung.jpg 600w, https:\/\/www.solentia.at\/wp-content\/uploads\/2022\/11\/optimierung-300x187.jpg 300w\" sizes=\"auto, (max-width: 600px) 100vw, 600px\" \/><\/figure>\n<\/div>\n<\/div>\n\n\n\n<div style=\"height:40px\" aria-hidden=\"true\" class=\"wp-block-spacer\"><\/div>\n<\/div><\/div>\n<\/div><\/div>\n\n\n\n<div class=\"wp-block-cover alignfull\" style=\"min-height:600px;aspect-ratio:unset;\"><span aria-hidden=\"true\" class=\"wp-block-cover__background has-nv-dark-bg-background-color has-background-dim-100 has-background-dim\"><\/span><div class=\"wp-block-cover__inner-container is-layout-flow wp-block-cover-is-layout-flow\">\n<div class=\"wp-block-group\"><div class=\"wp-block-group__inner-container is-layout-flow wp-block-group-is-layout-flow\">\n<div style=\"height:40px\" aria-hidden=\"true\" class=\"wp-block-spacer\"><\/div>\n\n\n\n<div class=\"wp-block-columns are-vertically-aligned-center is-layout-flex wp-container-core-columns-is-layout-9d6595d7 wp-block-columns-is-layout-flex\">\n<div class=\"wp-block-column is-vertically-aligned-center is-layout-flow wp-block-column-is-layout-flow\" style=\"flex-basis:50%\">\n<figure class=\"wp-block-image size-full\"><img loading=\"lazy\" decoding=\"async\" width=\"600\" height=\"373\" src=\"\/wp-content\/uploads\/2022\/11\/oracle_v2.jpg\" alt=\"\" class=\"wp-image-364\" srcset=\"https:\/\/www.solentia.at\/wp-content\/uploads\/2022\/11\/oracle_v2.jpg 600w, https:\/\/www.solentia.at\/wp-content\/uploads\/2022\/11\/oracle_v2-300x187.jpg 300w\" sizes=\"auto, (max-width: 600px) 100vw, 600px\" \/><\/figure>\n<\/div>\n\n\n\n<div class=\"wp-block-column is-vertically-aligned-center is-layout-flow wp-block-column-is-layout-flow\" style=\"flex-basis:50%\">\n<h2 class=\"wp-block-heading has-text-align-left has-nv-text-dark-bg-color has-text-color\">Oracle und Microsoft<br>SQL Server<\/h2>\n\n\n\n<p class=\"has-text-align-left has-nv-text-dark-bg-color has-text-color\" style=\"font-size:17px\">Wir haben umfangreiche Erfahrungen in der Erstellung von L\u00f6sungen auf Basis dieser beiden Datenbanksysteme sowie in der Implementation von Schnittstellen zu Fremdsystemen, wie z.B. SAP oder JDE.<\/p>\n<\/div>\n<\/div>\n\n\n\n<div style=\"height:40px\" aria-hidden=\"true\" class=\"wp-block-spacer\"><\/div>\n<\/div><\/div>\n<\/div><\/div>\n\n\n\n<div class=\"wp-block-cover alignfull\" style=\"min-height:166px;aspect-ratio:unset;\"><span aria-hidden=\"true\" class=\"wp-block-cover__background has-nv-light-bg-background-color has-background-dim-100 has-background-dim\"><\/span><div class=\"wp-block-cover__inner-container is-layout-flow wp-block-cover-is-layout-flow\">\n<div style=\"height:80px\" aria-hidden=\"true\" class=\"wp-block-spacer\"><\/div>\n\n\n\n<div class=\"wp-block-columns are-vertically-aligned-center has-neve-text-color-color has-text-color is-layout-flex wp-container-core-columns-is-layout-9d6595d7 wp-block-columns-is-layout-flex\">\n<div class=\"wp-block-column is-vertically-aligned-center is-layout-flow wp-block-column-is-layout-flow\" style=\"flex-basis:50%\">\n<figure class=\"wp-block-image size-large\"><img loading=\"lazy\" decoding=\"async\" width=\"1024\" height=\"686\" src=\"\/wp-content\/uploads\/2023\/03\/hand-shake-gf00c44391_1280-1024x686.jpg\" alt=\"\" class=\"wp-image-413\" srcset=\"https:\/\/www.solentia.at\/wp-content\/uploads\/2023\/03\/hand-shake-gf00c44391_1280-1024x686.jpg 1024w, https:\/\/www.solentia.at\/wp-content\/uploads\/2023\/03\/hand-shake-gf00c44391_1280-300x201.jpg 300w, https:\/\/www.solentia.at\/wp-content\/uploads\/2023\/03\/hand-shake-gf00c44391_1280-768x514.jpg 768w, https:\/\/www.solentia.at\/wp-content\/uploads\/2023\/03\/hand-shake-gf00c44391_1280.jpg 1280w\" sizes=\"auto, (max-width: 1024px) 100vw, 1024px\" \/><\/figure>\n<\/div>\n\n\n\n<div class=\"wp-block-column is-vertically-aligned-center is-layout-flow wp-block-column-is-layout-flow\" style=\"flex-basis:50%\">\n<h2 class=\"wp-block-heading has-neve-text-color-color has-text-color\">Wir sind ein starkes Team f\u00fcr Ihren Erfolg!<\/h2>\n\n\n\n<p>Solentia GmbH wurde im Sommer 2006 von einem kreativen, handlungsorientierten EDV-Profiteam gegr\u00fcndet. Unsere individuellen St\u00e4rken und unser breites Leistungsportfolio k\u00f6nnen wir flexibel so kombinieren, dass Sie als Kunde maximalen Erfolg daraus ziehen.<\/p>\n<\/div>\n<\/div>\n\n\n\n<div style=\"height:60px\" aria-hidden=\"true\" class=\"wp-block-spacer\"><\/div>\n<\/div><\/div>\n\n\n\n<div class=\"wp-block-cover alignfull\" style=\"min-height:600px;aspect-ratio:unset;\"><span aria-hidden=\"true\" class=\"wp-block-cover__background has-nv-dark-bg-background-color has-background-dim-100 has-background-dim\"><\/span><div class=\"wp-block-cover__inner-container is-layout-flow wp-block-cover-is-layout-flow\">\n<div class=\"wp-block-group\"><div class=\"wp-block-group__inner-container is-layout-flow wp-block-group-is-layout-flow\">\n<div class=\"wp-block-columns are-vertically-aligned-center is-layout-flex wp-container-core-columns-is-layout-9d6595d7 wp-block-columns-is-layout-flex\">\n<div class=\"wp-block-column is-vertically-aligned-center is-layout-flow wp-block-column-is-layout-flow\" style=\"flex-basis:50%\">\n<h2 class=\"wp-block-heading has-nv-text-dark-bg-color has-text-color\">Erfahrung und Technologie<\/h2>\n\n\n\n<p class=\"has-nv-text-dark-bg-color has-text-color\">Jahrelange Erfahrung in den Bereichen Datenbanken, Individualsoftware und Auswertungssysteme. Breites theoretisches und praktisches Wissen in Controlling und Management. Als David flexibler bei Planung, Ausf\u00fchrung, Systemauswahl und Arbeitszeiten als jeder Goliath.<\/p>\n\n\n\n<div style=\"height:20px\" aria-hidden=\"true\" class=\"wp-block-spacer\"><\/div>\n\n\n\n<div class=\"wp-block-buttons is-layout-flex wp-block-buttons-is-layout-flex\">\n<div class=\"wp-block-button is-style-primary\"><a class=\"wp-block-button__link wp-element-button\" href=\"\/?page_id=75\">KONTAKT<\/a><\/div>\n<\/div>\n\n\n\n<div style=\"height:20px\" aria-hidden=\"true\" class=\"wp-block-spacer\"><\/div>\n<\/div>\n\n\n\n<div class=\"wp-block-column is-vertically-aligned-center is-layout-flow wp-block-column-is-layout-flow\" style=\"flex-basis:50%\">\n<figure class=\"wp-block-image size-large\"><img loading=\"lazy\" decoding=\"async\" width=\"1024\" height=\"682\" src=\"\/wp-content\/uploads\/2023\/03\/server-gced28196a_1280-1024x682.jpg\" alt=\"\" class=\"wp-image-415\" srcset=\"https:\/\/www.solentia.at\/wp-content\/uploads\/2023\/03\/server-gced28196a_1280-1024x682.jpg 1024w, https:\/\/www.solentia.at\/wp-content\/uploads\/2023\/03\/server-gced28196a_1280-300x200.jpg 300w, https:\/\/www.solentia.at\/wp-content\/uploads\/2023\/03\/server-gced28196a_1280-768x512.jpg 768w, https:\/\/www.solentia.at\/wp-content\/uploads\/2023\/03\/server-gced28196a_1280-930x620.jpg 930w, https:\/\/www.solentia.at\/wp-content\/uploads\/2023\/03\/server-gced28196a_1280.jpg 1280w\" sizes=\"auto, (max-width: 1024px) 100vw, 1024px\" \/><\/figure>\n<\/div>\n<\/div>\n<\/div><\/div>\n<\/div><\/div>\n\n\n\n<div class=\"wp-block-cover alignfull\" style=\"min-height:420px;aspect-ratio:unset;\"><span aria-hidden=\"true\" class=\"wp-block-cover__background has-nv-light-bg-background-color has-background-dim-100 has-background-dim\"><\/span><div class=\"wp-block-cover__inner-container is-layout-flow wp-block-cover-is-layout-flow\">\n<div style=\"height:40px\" aria-hidden=\"true\" class=\"wp-block-spacer\"><\/div>\n\n\n<div class=\"tmm tmm_team\"><div class=\"tmm_3_columns tmm_wrap tmm_theme_f\"><span class=\"tmm_two_containers_tablet\"><\/span><div class=\"tmm_container\"><div class=\"tmm_member\" style=\"border-top:#62b9e6 solid 5px;\"><div class=\"tmm_photo tmm_pic_team_0\" style=\"background: url(http:\/\/www.solentia.at\/wp-content\/uploads\/2022\/12\/028_solentia_.jpg); margin-left: auto; margin-right:auto; background-size:cover !important;\"><\/div><div class=\"tmm_textblock\"><div class=\"tmm_names\"><span class=\"tmm_fname\">Wolfgang<\/span> <span class=\"tmm_lname\">Hauber<\/span><\/div><div class=\"tmm_job\">Gesellschafter<\/div><div class=\"tmm_desc\" style=\"text-align:\"><p>Der Gr\u00fcnder und Gesch\u00e4ftsf\u00fchrer ist immer darauf aus die schnellsten und besten L\u00f6sungen f\u00fcr jeden Kunden zu finden<\/p><\/div><div class=\"tmm_scblock\"><\/div><\/div><\/div><div class=\"tmm_member\" style=\"border-top:#62b9e6 solid 5px;\"><div class=\"tmm_photo tmm_pic_team_1\" style=\"background: url(http:\/\/www.solentia.at\/wp-content\/uploads\/2022\/12\/023_solentia_.jpg); margin-left: auto; margin-right:auto; background-size:cover !important;\"><\/div><div class=\"tmm_textblock\"><div class=\"tmm_names\"><span class=\"tmm_fname\">Erich<\/span> <span class=\"tmm_lname\">Jank<\/span><\/div><div class=\"tmm_job\">Gesellschafter<\/div><div class=\"tmm_desc\" style=\"text-align:\"><p>Der erfahrene Co-Gr\u00fcnder und Gesellschafter hat bereits mit einer Vielzahl von Systemen und Datenbanken programmiert.<\/p><\/div><div class=\"tmm_scblock\"><\/div><\/div><\/div><span class=\"tmm_two_containers_tablet\"><\/span><div class=\"tmm_member\" style=\"border-top:#62b9e6 solid 5px;\"><div class=\"tmm_photo tmm_pic_team_2\" style=\"background: url(http:\/\/www.solentia.at\/wp-content\/uploads\/2022\/12\/016_solentia_.jpg); margin-left: auto; margin-right:auto; background-size:cover !important;\"><\/div><div class=\"tmm_textblock\"><div class=\"tmm_names\"><span class=\"tmm_fname\">Karl<\/span> <span class=\"tmm_lname\">Hauber<\/span><\/div><div class=\"tmm_job\">Gesellschafter<\/div><div class=\"tmm_desc\" style=\"text-align:\"><p>Der Fullstack Entwickler ist mit seinen Servern \u00fcber alle Daten erhaben.<\/p><\/div><div class=\"tmm_scblock\"><\/div><\/div><\/div><\/div><span class=\"tmm_columns_containers_desktop\"><\/span><div class=\"tmm_container\"><div class=\"tmm_member\" style=\"border-top:#62b9e6 solid 5px;\"><div class=\"tmm_photo tmm_pic_team_3\" style=\"background: url(http:\/\/www.solentia.at\/wp-content\/uploads\/2022\/12\/nh.jpg); margin-left: auto; margin-right:auto; background-size:cover !important;\"><\/div><div class=\"tmm_textblock\"><div class=\"tmm_names\"><span class=\"tmm_fname\">Niklas<\/span> <span class=\"tmm_lname\">Hauber<\/span><\/div><div class=\"tmm_job\">Gesellschafter<\/div><div class=\"tmm_desc\" style=\"text-align:\"><p>Der j\u00fcngste Gesellschafter l\u00e4sst als Frontend Entwickler keine Masken fallen und wei\u00df wie man Daten in Szene setzt.<\/p><\/div><div class=\"tmm_scblock\"><\/div><\/div><\/div><span class=\"tmm_two_containers_tablet\"><\/span><div class=\"tmm_member\" style=\"border-top:#62b9e6 solid 5px;\"><div class=\"tmm_photo tmm_pic_team_4\" style=\"background: url(http:\/\/www.solentia.at\/wp-content\/uploads\/2022\/12\/abeham.jpg); margin-left: auto; margin-right:auto; background-size:cover !important;\"><\/div><div class=\"tmm_textblock\"><div class=\"tmm_names\"><span class=\"tmm_fname\">Andreas<\/span> <span class=\"tmm_lname\">Beham<\/span><\/div><div class=\"tmm_job\">Entwickler<\/div><div class=\"tmm_desc\" style=\"text-align:\"><p>Der Entwickler komplexer Optimierungsalgorithmen sucht und findet Nadeln im Heuhaufen.<\/p><\/div><div class=\"tmm_scblock\"><\/div><\/div><\/div><div style=\"clear:both;\"><\/div><\/div><\/div><\/div>\n\n\n\n<div style=\"height:40px\" aria-hidden=\"true\" class=\"wp-block-spacer\"><\/div>\n<\/div><\/div>\n\n\n\n<div class=\"wp-block-cover alignfull\" style=\"min-height:300px;aspect-ratio:unset;\"><span aria-hidden=\"true\" class=\"wp-block-cover__background has-nv-dark-bg-background-color has-background-dim-100 has-background-dim\"><\/span><div class=\"wp-block-cover__inner-container is-layout-flow wp-block-cover-is-layout-flow\">\n<div style=\"height:40px\" aria-hidden=\"true\" class=\"wp-block-spacer\"><\/div>\n\n\n\n<h2 class=\"wp-block-heading has-text-align-center has-nv-text-dark-bg-color has-text-color\">Lassen Sie uns gemeinsam den n\u00e4chsten Schritt in der Digitalisierung Ihres Unternehmens machen<\/h2>\n\n\n\n<p class=\"has-text-align-center\">Daten und digitale Prozesse sind nur der Anfang.<br>Machen wir mit Visualisierung, Modellierung, Simulation und Optimierung mehr daraus!<\/p>\n\n\n\n<div class=\"wp-block-buttons is-horizontal is-content-justification-center is-layout-flex wp-container-core-buttons-is-layout-499968f5 wp-block-buttons-is-layout-flex\">\n<div class=\"wp-block-button is-style-primary\"><a class=\"wp-block-button__link wp-element-button\" href=\"\/?page_id=69\">MEHR ERFAHREN<\/a><\/div>\n<\/div>\n\n\n\n<div style=\"height:40px\" aria-hidden=\"true\" class=\"wp-block-spacer\"><\/div>\n<\/div><\/div>\n","protected":false},"excerpt":{"rendered":"<p>Effizient und Flexibel in der Projektabwicklung Wir verfolgen einen agilen Entwicklungsansatz. Das hei\u00dft Sie sind als Kunde fr\u00fch in den Entwicklungsprozess eingebunden und k\u00f6nnen durch Ihr Feedback das Ergebnis beeinflu\u00dfen. Einschulung und Inbetriebnahme Wir bilden Ihre Mitarbeiter zu Experten der neuen Softwarel\u00f6sung aus. Mit dem &#8222;Key User&#8220; Konzept haben wir bisher gute Erfahrungen bei der&hellip;&nbsp;<a href=\"https:\/\/www.solentia.at\/?tmm=team\" class=\"\" rel=\"bookmark\">Weiterlesen &raquo;<span class=\"screen-reader-text\">Team<\/span><\/a><\/p>\n","protected":false},"author":1,"featured_media":0,"parent":0,"menu_order":0,"comment_status":"closed","ping_status":"closed","template":"","meta":{"neve_meta_sidebar":"default","neve_meta_container":"default","neve_meta_enable_content_width":"on","neve_meta_content_width":100,"neve_meta_title_alignment":"","neve_meta_author_avatar":"","neve_post_elements_order":"","neve_meta_disable_header":"","neve_meta_disable_footer":"","neve_meta_disable_title":"on","footnotes":""},"class_list":["post-308","page","type-page","status-publish","hentry"],"_links":{"self":[{"href":"https:\/\/www.solentia.at\/index.php?rest_route=\/wp\/v2\/pages\/308","targetHints":{"allow":["GET"]}}],"collection":[{"href":"https:\/\/www.solentia.at\/index.php?rest_route=\/wp\/v2\/pages"}],"about":[{"href":"https:\/\/www.solentia.at\/index.php?rest_route=\/wp\/v2\/types\/page"}],"author":[{"embeddable":true,"href":"https:\/\/www.solentia.at\/index.php?rest_route=\/wp\/v2\/users\/1"}],"replies":[{"embeddable":true,"href":"https:\/\/www.solentia.at\/index.php?rest_route=%2Fwp%2Fv2%2Fcomments&post=308"}],"version-history":[{"count":46,"href":"https:\/\/www.solentia.at\/index.php?rest_route=\/wp\/v2\/pages\/308\/revisions"}],"predecessor-version":[{"id":553,"href":"https:\/\/www.solentia.at\/index.php?rest_route=\/wp\/v2\/pages\/308\/revisions\/553"}],"wp:attachment":[{"href":"https:\/\/www.solentia.at\/index.php?rest_route=%2Fwp%2Fv2%2Fmedia&parent=308"}],"curies":[{"name":"wp","href":"https:\/\/api.w.org\/{rel}","templated":true}]}}